{"id":642,"date":"2020-01-09T00:22:33","date_gmt":"2020-01-09T00:22:33","guid":{"rendered":"https:\/\/controlagro.com\/descargas\/membership-join\/membership-registration\/"},"modified":"2021-12-27T23:29:08","modified_gmt":"2021-12-27T23:29:08","slug":"membership-registration","status":"publish","type":"page","link":"https:\/\/controlagro.com\/descargas\/membership-join\/membership-registration\/","title":{"rendered":"Registro"},"content":{"rendered":"\n<h2>PASO 1 (OBLIGATORIO):<\/h2>\n\n\n\n<p>Escriba sus datos de contacto para ingresarlo en nuestra base de datos, ser\u00e1 notificado al email cuando validemos su informaci\u00f3n. Gracias<\/p>\n\n\n\n<div class=\"wpforms-container wpforms-container-full\" id=\"wpforms-912\"><form id=\"wpforms-form-912\" class=\"wpforms-validate wpforms-form\" data-formid=\"912\" method=\"post\" enctype=\"multipart\/form-data\" action=\"\/descargas\/wp-json\/wp\/v2\/pages\/642\" data-token=\"255787ef6d2137cf0ea385ba0c61a190\" data-token-time=\"1776521604\"><noscript class=\"wpforms-error-noscript\">Por favor, activa JavaScript en tu navegador para completar este formulario.<\/noscript><div class=\"wpforms-field-container\"><div id=\"wpforms-912-field_0-container\" class=\"wpforms-field wpforms-field-name\" data-field-id=\"0\"><label class=\"wpforms-field-label\">Nombre <span class=\"wpforms-required-label\">*<\/span><\/label><div class=\"wpforms-field-row wpforms-field-medium\"><div class=\"wpforms-field-row-block wpforms-first wpforms-one-half\"><input type=\"text\" id=\"wpforms-912-field_0\" class=\"wpforms-field-name-first wpforms-field-required\" name=\"wpforms[fields][0][first]\" required><label for=\"wpforms-912-field_0\" class=\"wpforms-field-sublabel after\">Nombre<\/label><\/div><div class=\"wpforms-field-row-block wpforms-one-half\"><input type=\"text\" id=\"wpforms-912-field_0-last\" class=\"wpforms-field-name-last wpforms-field-required\" name=\"wpforms[fields][0][last]\" required><label for=\"wpforms-912-field_0-last\" class=\"wpforms-field-sublabel after\">Apellidos<\/label><\/div><\/div><\/div><div id=\"wpforms-912-field_1-container\" class=\"wpforms-field wpforms-field-email\" data-field-id=\"1\"><label class=\"wpforms-field-label\" for=\"wpforms-912-field_1\">Correo electr\u00f3nico <span class=\"wpforms-required-label\">*<\/span><\/label><input type=\"email\" id=\"wpforms-912-field_1\" class=\"wpforms-field-medium wpforms-field-required\" name=\"wpforms[fields][1]\" spellcheck=\"false\" required><\/div><div id=\"wpforms-912-field_2-container\" class=\"wpforms-field wpforms-field-text\" data-field-id=\"2\"><label class=\"wpforms-field-label\" for=\"wpforms-912-field_2\">Empresa (opcional)<\/label><input type=\"text\" id=\"wpforms-912-field_2\" class=\"wpforms-field-medium\" name=\"wpforms[fields][2]\" ><\/div><div id=\"wpforms-912-field_3-container\" class=\"wpforms-field wpforms-field-text\" data-field-id=\"3\"><label class=\"wpforms-field-label\" for=\"wpforms-912-field_3\">Tel\u00e9fono celular de contacto:<\/label><input type=\"text\" id=\"wpforms-912-field_3\" class=\"wpforms-field-medium\" name=\"wpforms[fields][3]\" ><\/div><\/div><!-- .wpforms-field-container --><div class=\"wpforms-field wpforms-field-hp\"><label for=\"wpforms-912-field-hp\" class=\"wpforms-field-label\">Phone<\/label><input type=\"text\" name=\"wpforms[hp]\" id=\"wpforms-912-field-hp\" class=\"wpforms-field-medium\"><\/div><div class=\"wpforms-recaptcha-container wpforms-is-recaptcha wpforms-is-recaptcha-type-v2\" ><div class=\"g-recaptcha\" data-sitekey=\"6LdO1NEdAAAAAJEp5EjoOV3LtioSF0H86Ul52UlM\"><\/div><input type=\"text\" name=\"g-recaptcha-hidden\" class=\"wpforms-recaptcha-hidden\" style=\"position:absolute!important;clip:rect(0,0,0,0)!important;height:1px!important;width:1px!important;border:0!important;overflow:hidden!important;padding:0!important;margin:0!important;\" data-rule-recaptcha=\"1\"><\/div><div class=\"wpforms-submit-container\" ><input type=\"hidden\" name=\"wpforms[id]\" value=\"912\"><input type=\"hidden\" name=\"page_title\" value=\"\"><input type=\"hidden\" name=\"page_url\" value=\"https:\/\/controlagro.com\/descargas\/wp-json\/wp\/v2\/pages\/642\"><input type=\"hidden\" name=\"url_referer\" value=\"\"><button type=\"submit\" name=\"wpforms[submit]\" id=\"wpforms-submit-912\" class=\"wpforms-submit\" data-alt-text=\"Enviando...\" data-submit-text=\"Enviar\" aria-live=\"assertive\" value=\"wpforms-submit\">Enviar<\/button><\/div><\/form><\/div>  <!-- .wpforms-container -->\n\n\n\n<h2>PASO 2 :<\/h2>\n\n\n\n<p>Complete el siguiente formulario con los datos del usuario que va a acceder al cat\u00e1logo:<\/p>\n\n\n<div class=\"swpm-registration-widget-form\">\n    <form id=\"swpm-registration-form\" class=\"swpm-validate-form\" name=\"swpm-registration-form\" method=\"post\" action=\"\">\n        <input type =\"hidden\" name=\"level_identifier\" value=\"c81e728d9d4c2f636f067f89cc14862c\" \/>\n        <table>\n            <tr class=\"swpm-registration-username-row\" >\n                <td><label for=\"user_name\">Nombre de usuario<\/label><\/td>\n                <td><input type=\"text\" id=\"user_name\" class=\"validate[required,custom[noapostrophe],custom[SWPMUserName],minSize[4],ajax[ajaxUserCall]]\" value=\"\" size=\"50\" name=\"user_name\" \/><\/td>\n            <\/tr>\n            <tr class=\"swpm-registration-email-row\">\n                <td><label for=\"email\">Correo electr\u00f3nico<\/label><\/td>\n                <td><input type=\"text\" autocomplete=\"off\" id=\"email\" class=\"validate[required,custom[email],ajax[ajaxEmailCall]]\" value=\"\" size=\"50\" name=\"email\" \/><\/td>\n            <\/tr>\n            <tr class=\"swpm-registration-password-row\">\n                <td><label for=\"password\">Contrase\u00f1a<\/label><\/td>\n                <td><input type=\"password\" autocomplete=\"off\" id=\"password\" class=\"\" value=\"\" size=\"50\" name=\"password\" \/><\/td>\n            <\/tr>\n            <tr class=\"swpm-registration-password-retype-row\">\n                <td><label for=\"password_re\">Repetir contrase\u00f1a<\/label><\/td>\n                <td><input type=\"password\" autocomplete=\"off\" id=\"password_re\" value=\"\" size=\"50\" name=\"password_re\" \/><\/td>\n            <\/tr>\n            <tr class=\"swpm-registration-firstname-row\" >\n                <td><label for=\"first_name\">Nombre<\/label><\/td>\n                <td><input type=\"text\" id=\"first_name\" value=\"\" size=\"50\" name=\"first_name\" \/><\/td>\n            <\/tr>\n            <tr class=\"swpm-registration-lastname-row\" >\n                <td><label for=\"last_name\">Apellidos<\/label><\/td>\n                <td><input type=\"text\" id=\"last_name\" value=\"\" size=\"50\" name=\"last_name\" \/><\/td>\n            <\/tr>\n            <tr class=\"swpm-registration-membership-level-row\" >\n                <td><label for=\"membership_level\">Nivel de membres\u00eda<\/label><\/td>\n                <td>\n                    Cliente<input type=\"hidden\" value=\"2\" size=\"50\" name=\"swpm_membership_level\" id=\"membership_level\" \/><input type=\"hidden\" name=\"swpm_level_hash\" value=\"a49b3a64fff0e549b112a3ed299828f7\" \/>                <\/td>\n            <\/tr>\n                    <\/table>\n\n        <div class=\"swpm-before-registration-submit-section\" align=\"center\"><\/div>\n\n        <div class=\"swpm-registration-submit-section\" align=\"center\">\n            <input type=\"submit\" value=\"Registrarse\" class=\"swpm-registration-submit\" name=\"swpm_registration_submit\" \/>\n        <\/div>\n\n        <input type=\"hidden\" name=\"action\" value=\"custom_posts\" \/>\n\n    <\/form>\n<\/div>\n\n<p><\/p>\n\n\n<\/p>\n<p><strong>Nota: <\/strong> Es necesario <strong>que complete los datos del PASO 1 para que sea habilitado<\/strong> a las descargas, caso contrario si existen dudas sobre la veracidad de sus datos no sera habilitado. Disculpe las molestias.<\/p>\n<p>\n\n\n\n<\/p>\n<p><strong>Sugerencia:<\/strong> Si se registra en otra secci\u00f3n de nuestra p\u00e1gina le recomendamos <strong>usar el mismo nombre y contrase\u00f1a de usuario<\/strong>.\n\n\n<p><!--StartFragment--><\/p>\n\n\n<p><\/p>\n","protected":false},"excerpt":{"rendered":"<p>PASO 1 (OBLIGATORIO): Escriba sus datos de contacto para ingresarlo en nuestra base de datos, ser\u00e1 notificado al email cuando validemos su informaci\u00f3n. Gracias PASO&hellip;<\/p>\n","protected":false},"author":1,"featured_media":0,"parent":641,"menu_order":0,"comment_status":"closed","ping_status":"closed","template":"","meta":{"_monsterinsights_skip_tracking":false,"_monsterinsights_sitenote_active":false,"_monsterinsights_sitenote_note":"","_monsterinsights_sitenote_category":0},"_links":{"self":[{"href":"https:\/\/controlagro.com\/descargas\/wp-json\/wp\/v2\/pages\/642"}],"collection":[{"href":"https:\/\/controlagro.com\/descargas\/wp-json\/wp\/v2\/pages"}],"about":[{"href":"https:\/\/controlagro.com\/descargas\/wp-json\/wp\/v2\/types\/page"}],"author":[{"embeddable":true,"href":"https:\/\/controlagro.com\/descargas\/wp-json\/wp\/v2\/users\/1"}],"replies":[{"embeddable":true,"href":"https:\/\/controlagro.com\/descargas\/wp-json\/wp\/v2\/comments?post=642"}],"version-history":[{"count":5,"href":"https:\/\/controlagro.com\/descargas\/wp-json\/wp\/v2\/pages\/642\/revisions"}],"predecessor-version":[{"id":1069,"href":"https:\/\/controlagro.com\/descargas\/wp-json\/wp\/v2\/pages\/642\/revisions\/1069"}],"up":[{"embeddable":true,"href":"https:\/\/controlagro.com\/descargas\/wp-json\/wp\/v2\/pages\/641"}],"wp:attachment":[{"href":"https:\/\/controlagro.com\/descargas\/wp-json\/wp\/v2\/media?parent=642"}],"curies":[{"name":"wp","href":"https:\/\/api.w.org\/{rel}","templated":true}]}}